{"id":142,"date":"2024-04-12T20:30:57","date_gmt":"2024-04-12T20:30:57","guid":{"rendered":"https:\/\/www.miniforest.fi\/sivut\/?page_id=142"},"modified":"2024-06-04T13:00:01","modified_gmt":"2024-06-04T13:00:01","slug":"suomen-metsamafia","status":"publish","type":"page","link":"https:\/\/www.miniforest.fi\/sivut\/suomen-metsamafia\/","title":{"rendered":"Suomen Mets\u00e4mafia!"},"content":{"rendered":"\n<figure class=\"wp-block-image size-full\"><img loading=\"lazy\" decoding=\"async\" width=\"949\" height=\"371\" data-attachment-id=\"143\" data-permalink=\"https:\/\/www.miniforest.fi\/sivut\/suomen-metsamafia\/mhs-jory-ohry-logot-210823\/\" data-orig-file=\"https:\/\/www.miniforest.fi\/sivut\/wp-content\/uploads\/2024\/04\/MHS-jory-ohry-logot-210823.jpg\" data-orig-size=\"949,371\" data-comments-opened=\"1\" data-image-meta=\"{&quot;aperture&quot;:&quot;0&quot;,&quot;credit&quot;:&quot;Tarja Ollas&quot;,&quot;camera&quot;:&quot;&quot;,&quot;caption&quot;:&quot;&quot;,&quot;created_timestamp&quot;:&quot;1692623478&quot;,&quot;copyright&quot;:&quot;&quot;,&quot;focal_length&quot;:&quot;0&quot;,&quot;iso&quot;:&quot;0&quot;,&quot;shutter_speed&quot;:&quot;0&quot;,&quot;title&quot;:&quot;&quot;,&quot;orientation&quot;:&quot;0&quot;}\" data-image-title=\"MHS-jory-ohry-logot-210823\" data-image-description=\"\" data-image-caption=\"\" data-medium-file=\"https:\/\/www.miniforest.fi\/sivut\/wp-content\/uploads\/2024\/04\/MHS-jory-ohry-logot-210823.jpg\" data-large-file=\"https:\/\/www.miniforest.fi\/sivut\/wp-content\/uploads\/2024\/04\/MHS-jory-ohry-logot-210823.jpg\" src=\"https:\/\/www.miniforest.fi\/sivut\/wp-content\/uploads\/2024\/04\/MHS-jory-ohry-logot-210823.jpg\" alt=\"\" class=\"wp-image-143\"\/><\/figure>\n\n\n\n<p><\/p>\n\n\n\n<p>Mets\u00e4nhoidon suositukset valmistellaan laajassa yhteisty\u00f6ss\u00e4 mets\u00e4-, ymp\u00e4rist\u00f6- ja ilmasto-alan toimijoiden kanssa. Ty\u00f6t\u00e4 luotsaavat korkean tason johtoryhm\u00e4 ja laaja-alainen ohjausryhm\u00e4. Johto- ja ohjausryhm\u00e4ty\u00f6ss\u00e4 on edustettuna noin 30 organisaatiota. Tapio koordinoi mets\u00e4nhoidon suositusten valmistelua ja yll\u00e4pitoa.<\/p>\n\n\n\n<p class=\"has-medium-font-size\"><strong>T\u00e4m\u00e4 on se Suomen &#8221;mets\u00e4mafia&#8221;, joka v\u00e4h\u00e4t v\u00e4litt\u00e4\u00e4 mets\u00e4maaper\u00e4tutkijoiden tutkimustuloksista, eik\u00e4 maaper\u00e4n \u00f6t\u00f6k\u00f6iden joukkoteurastukseen n\u00e4yt\u00e4 muutosta tulevan t\u00e4n\u00e4k\u00e4\u00e4n vuonna.<\/strong><\/p>\n\n\n\n<p>Kokonainen maailmankaikkeus piilee metsiemme maaper\u00e4ss\u00e4, sanoi er\u00e4s mets\u00e4maaper\u00e4tutkija jo kymmenen vuotta sitten. T\u00e4m\u00e4 on helppo uskoa, kun tutustuu l\u00e4hdemateriaaliin, jota on viimeisten vuosien aikana ilmestynyt roppakaupalla. Ehk\u00e4 merkitt\u00e4vin teos on ollut El\u00e4m\u00e4\u00e4 maan k\u00e4tk\u00f6iss\u00e4 niminen kirja. Kirja keskittyy pelk\u00e4st\u00e4\u00e4n maaper\u00e4eli\u00f6ihin ja niiden merkitykseen koko ekologian n\u00e4k\u00f6kulmasta katsottuna. Kaikkein oleellisin on kiteytetty kirjan viimeiseen lauseeseen:<strong> \u201dYksi asia kuitenkin tiedet\u00e4\u00e4n: mik\u00e4\u00e4n ei toimi ilman maaper\u00e4n ahkeraa hajottajakansaa, pit\u00e4k\u00e4\u00e4mme siit\u00e4 hyv\u00e4\u00e4 huolta.\u201d<\/strong> Mets\u00e4mafian k\u00e4yt\u00f6s ei totisesti ole hyv\u00e4\u00e4 huolenpitoa, kun kymmeni\u00e4 vuosia jatkunut maan tallaaminen ja m\u00f6yriminen jatkuu edelleen.<\/p>\n\n\n\n<p>Kotisivujemme p\u00e4ivityksess\u00e4 pyrimme kuvin kertomaan, ett\u00e4 mets\u00e4maa todella kuhisee el\u00e4m\u00e4\u00e4. Suuremmat lajit n\u00e4emme omin silmin, pienimpien el\u00e4m\u00e4n n\u00e4emme tutkijoiden julkaisemista teoksista. Kumpikaan info ei ruusuista tulevaisuutta lupaa. Luontokadon suurin poistuma tapahtuu talousmetsiss\u00e4. Sen aiheuttaa yksiselitteisen selke\u00e4sti Suomen Mets\u00e4mafian asennevamma. <strong>Yksi lupaa maksaa \u201dPlussaa\u201d, kun teet\u00e4t paljon tekop\u00f6kkel\u00f6it\u00e4, muuten hyv\u00e4 mutta kun siihenkin liittyy \u00f6t\u00f6k\u00f6iden joukkoteurastus. M\u00e4t\u00e4stys.<\/strong><\/p>\n\n\n\n<p>On kulunut 8-vuotta siit\u00e4, kun tarjosin uutta poraistusmenetelm\u00e4\u00e4 &#8221;Suomen Mets\u00e4mafialle&#8221;. Ei kelpuuttaneet edes koek\u00e4ytt\u00f6\u00f6n. Saman 8-vuoden aikana yksitt\u00e4iset mets\u00e4nomistajat ovat tehneet eritt\u00e4in arvokasta &#8221;tutkimusty\u00f6t\u00e4&#8221;, istuttaneet taimia ja seuranneet taimiston kehityst\u00e4. Loppuk\u00e4ytt\u00e4jien kokemuspohjainen tieto, kuuden vuoden ajalta, mit\u00e4 erilaisimmista kohteista ymp\u00e4ri Suomen, p\u00e4ihitt\u00e4v\u00e4t varmasti mets\u00e4mafian tutkimukset, jos niit\u00e4 edes koskaan on tehty.<\/p>\n\n\n\n<p>Olen hyvin kiitollinen mets\u00e4nomistajien palautteesta. Nyt voin aivan vakain tuumin ja harkiten sanoa: Mets\u00e4nomistaja, ota mets\u00e4n uudistaminen kokonaan omaan hallintaasi. \u00c4l\u00e4 m\u00e4t\u00e4st\u00e4, \u00e4l\u00e4 riko maata yht\u00e4\u00e4n enemp\u00e4\u00e4, kuin taimipaakun koko vaatii. Olet monta askelta edell\u00e4 &#8221;Mets\u00e4mafian&#8221; menetelmist\u00e4. Kun n\u00e4in menettelet, taimesi pysyv\u00e4t pystyss\u00e4 ja kehittyv\u00e4t. Niit\u00e4 ei rouste nosta, eik\u00e4 ukkoskuurot kumoa, eik\u00e4 pitk\u00e4aikaiset sateetkaan, eik\u00e4 poutajaksotkaan, koska kapillaari toimii. T\u00e4m\u00e4kin on t\u00e4rke\u00e4\u00e4, <strong>Humus<\/strong>, karikkeen lahoamisen lopputuote, ei karkaa vesist\u00f6j\u00e4 rehev\u00f6itt\u00e4m\u00e4\u00e4n, vaan tarjoaa vuosikaudet ravintoa taimiesi k\u00e4ytt\u00f6\u00f6n. Siirtyminen poraistustukseen on ylivertainen p\u00e4\u00e4t\u00f6s, kun l\u00e4hdet luontokatoa ja vesist\u00f6jen rehev\u00f6itymist\u00e4 torjumaan. Viel\u00e4 parempi p\u00e4\u00e4t\u00f6s on, ett\u00e4 siirryt jatkuvaan kasvatukseen, poralla istuttaen voit mets\u00e4st\u00e4si tehd\u00e4 niin monimuotoisen, kuin haluat.<\/p>\n\n\n\n<p>Kalasaaressa 14.3.2024 <br>Seppo Rantakallio<br>Mini Forest<\/p>\n","protected":false},"excerpt":{"rendered":"<p>Mets\u00e4nhoidon suositukset valmistellaan laajassa yhteisty\u00f6ss\u00e4 mets\u00e4-, ymp\u00e4rist\u00f6- ja ilmasto-alan toimijoiden kanssa. Ty\u00f6t\u00e4 luotsaavat korkean tason johtoryhm\u00e4 ja laaja-alainen ohjausryhm\u00e4. Johto- ja ohjausryhm\u00e4ty\u00f6ss\u00e4 on edustettuna noin 30 organisaatiota. Tapio koordinoi mets\u00e4nhoidon suositusten valmistelua ja yll\u00e4pitoa. T\u00e4m\u00e4 on se Suomen &#8221;mets\u00e4mafia&#8221;, joka v\u00e4h\u00e4t v\u00e4litt\u00e4\u00e4 mets\u00e4maaper\u00e4tutkijoiden tutkimustuloksista, eik\u00e4 maaper\u00e4n \u00f6t\u00f6k\u00f6iden joukkoteurastukseen n\u00e4yt\u00e4 muutosta tulevan t\u00e4n\u00e4k\u00e4\u00e4n vuonna. Kokonainen maailmankaikkeus piilee metsiemme maaper\u00e4ss\u00e4, sanoi er\u00e4s mets\u00e4maaper\u00e4tutkija jo kymmenen vuotta sitten. T\u00e4m\u00e4 on helppo uskoa, kun tutustuu l\u00e4hdemateriaaliin, jota on viimeisten vuosien aikana ilmestynyt roppakaupalla. Ehk\u00e4 merkitt\u00e4vin teos on ollut El\u00e4m\u00e4\u00e4 maan k\u00e4tk\u00f6iss\u00e4 niminen kirja. Kirja keskittyy pelk\u00e4st\u00e4\u00e4n maaper\u00e4eli\u00f6ihin ja niiden merkitykseen koko ekologian n\u00e4k\u00f6kulmasta katsottuna. Kaikkein oleellisin on kiteytetty kirjan viimeiseen lauseeseen: \u201dYksi asia kuitenkin tiedet\u00e4\u00e4n: mik\u00e4\u00e4n ei toimi ilman maaper\u00e4n ahkeraa hajottajakansaa, pit\u00e4k\u00e4\u00e4mme siit\u00e4 hyv\u00e4\u00e4 huolta.\u201d Mets\u00e4mafian k\u00e4yt\u00f6s ei totisesti ole hyv\u00e4\u00e4 huolenpitoa, kun kymmeni\u00e4 vuosia jatkunut maan tallaaminen ja m\u00f6yriminen jatkuu edelleen. Kotisivujemme p\u00e4ivityksess\u00e4 pyrimme kuvin kertomaan, ett\u00e4 mets\u00e4maa todella kuhisee el\u00e4m\u00e4\u00e4. Suuremmat lajit n\u00e4emme omin silmin, pienimpien el\u00e4m\u00e4n n\u00e4emme tutkijoiden julkaisemista teoksista. Kumpikaan info ei ruusuista tulevaisuutta lupaa. Luontokadon suurin poistuma tapahtuu talousmetsiss\u00e4. Sen aiheuttaa yksiselitteisen selke\u00e4sti Suomen Mets\u00e4mafian asennevamma. Yksi lupaa maksaa \u201dPlussaa\u201d, kun teet\u00e4t paljon tekop\u00f6kkel\u00f6it\u00e4, muuten hyv\u00e4 mutta kun siihenkin liittyy \u00f6t\u00f6k\u00f6iden joukkoteurastus. M\u00e4t\u00e4stys. On kulunut 8-vuotta siit\u00e4, kun tarjosin uutta poraistusmenetelm\u00e4\u00e4 &#8221;Suomen Mets\u00e4mafialle&#8221;. Ei kelpuuttaneet edes koek\u00e4ytt\u00f6\u00f6n. Saman 8-vuoden aikana yksitt\u00e4iset mets\u00e4nomistajat ovat tehneet eritt\u00e4in arvokasta &#8221;tutkimusty\u00f6t\u00e4&#8221;, istuttaneet taimia ja seuranneet taimiston kehityst\u00e4. Loppuk\u00e4ytt\u00e4jien kokemuspohjainen tieto, kuuden vuoden ajalta, mit\u00e4 erilaisimmista kohteista ymp\u00e4ri Suomen, p\u00e4ihitt\u00e4v\u00e4t varmasti mets\u00e4mafian tutkimukset, jos niit\u00e4 edes koskaan on tehty. Olen hyvin kiitollinen mets\u00e4nomistajien palautteesta. Nyt voin aivan vakain tuumin ja harkiten sanoa: Mets\u00e4nomistaja, ota mets\u00e4n uudistaminen kokonaan omaan hallintaasi. \u00c4l\u00e4 m\u00e4t\u00e4st\u00e4, \u00e4l\u00e4 riko maata yht\u00e4\u00e4n enemp\u00e4\u00e4, kuin taimipaakun koko vaatii. Olet monta askelta edell\u00e4 &#8221;Mets\u00e4mafian&#8221; menetelmist\u00e4. Kun n\u00e4in menettelet, taimesi pysyv\u00e4t pystyss\u00e4 ja kehittyv\u00e4t. Niit\u00e4 ei rouste nosta, eik\u00e4 ukkoskuurot kumoa, eik\u00e4 pitk\u00e4aikaiset sateetkaan, eik\u00e4 poutajaksotkaan, koska kapillaari toimii. T\u00e4m\u00e4kin on t\u00e4rke\u00e4\u00e4, Humus, karikkeen lahoamisen lopputuote, ei karkaa vesist\u00f6j\u00e4 rehev\u00f6itt\u00e4m\u00e4\u00e4n, vaan tarjoaa vuosikaudet ravintoa taimiesi k\u00e4ytt\u00f6\u00f6n. Siirtyminen poraistustukseen on ylivertainen p\u00e4\u00e4t\u00f6s, kun l\u00e4hdet luontokatoa ja vesist\u00f6jen rehev\u00f6itymist\u00e4 torjumaan. Viel\u00e4 parempi p\u00e4\u00e4t\u00f6s on, ett\u00e4 siirryt jatkuvaan kasvatukseen, poralla istuttaen voit mets\u00e4st\u00e4si tehd\u00e4 niin monimuotoisen, kuin haluat. Kalasaaressa 14.3.2024 Seppo RantakallioMini Forest<\/p>\n","protected":false},"author":1,"featured_media":0,"parent":0,"menu_order":0,"comment_status":"closed","ping_status":"closed","template":"","meta":{"jetpack_post_was_ever_published":false,"footnotes":""},"class_list":["post-142","page","type-page","status-publish","hentry"],"yoast_head":"<!-- This site is optimized with the Yoast SEO plugin v20.2.1 - https:\/\/yoast.com\/wordpress\/plugins\/seo\/ -->\n<title>Suomen Mets\u00e4mafia! - Mini Forest<\/title>\n<meta name=\"robots\" content=\"index, follow, max-snippet:-1, max-image-preview:large, max-video-preview:-1\" \/>\n<link rel=\"canonical\" href=\"https:\/\/www.miniforest.fi\/sivut\/suomen-metsamafia\/\" \/>\n<meta property=\"og:locale\" content=\"fi_FI\" \/>\n<meta property=\"og:type\" content=\"article\" \/>\n<meta property=\"og:title\" content=\"Suomen Mets\u00e4mafia! - Mini Forest\" \/>\n<meta property=\"og:description\" content=\"Mets\u00e4nhoidon suositukset valmistellaan laajassa yhteisty\u00f6ss\u00e4 mets\u00e4-, ymp\u00e4rist\u00f6- ja ilmasto-alan toimijoiden kanssa. Ty\u00f6t\u00e4 luotsaavat korkean tason johtoryhm\u00e4 ja laaja-alainen ohjausryhm\u00e4. Johto- ja ohjausryhm\u00e4ty\u00f6ss\u00e4 on edustettuna noin 30 organisaatiota. Tapio koordinoi mets\u00e4nhoidon suositusten valmistelua ja yll\u00e4pitoa. T\u00e4m\u00e4 on se Suomen &#8221;mets\u00e4mafia&#8221;, joka v\u00e4h\u00e4t v\u00e4litt\u00e4\u00e4 mets\u00e4maaper\u00e4tutkijoiden tutkimustuloksista, eik\u00e4 maaper\u00e4n \u00f6t\u00f6k\u00f6iden joukkoteurastukseen n\u00e4yt\u00e4 muutosta tulevan t\u00e4n\u00e4k\u00e4\u00e4n vuonna. Kokonainen maailmankaikkeus piilee metsiemme maaper\u00e4ss\u00e4, sanoi er\u00e4s mets\u00e4maaper\u00e4tutkija jo kymmenen vuotta sitten. T\u00e4m\u00e4 on helppo uskoa, kun tutustuu l\u00e4hdemateriaaliin, jota on viimeisten vuosien aikana ilmestynyt roppakaupalla. Ehk\u00e4 merkitt\u00e4vin teos on ollut El\u00e4m\u00e4\u00e4 maan k\u00e4tk\u00f6iss\u00e4 niminen kirja. Kirja keskittyy pelk\u00e4st\u00e4\u00e4n maaper\u00e4eli\u00f6ihin ja niiden merkitykseen koko ekologian n\u00e4k\u00f6kulmasta katsottuna. Kaikkein oleellisin on kiteytetty kirjan viimeiseen lauseeseen: \u201dYksi asia kuitenkin tiedet\u00e4\u00e4n: mik\u00e4\u00e4n ei toimi ilman maaper\u00e4n ahkeraa hajottajakansaa, pit\u00e4k\u00e4\u00e4mme siit\u00e4 hyv\u00e4\u00e4 huolta.\u201d Mets\u00e4mafian k\u00e4yt\u00f6s ei totisesti ole hyv\u00e4\u00e4 huolenpitoa, kun kymmeni\u00e4 vuosia jatkunut maan tallaaminen ja m\u00f6yriminen jatkuu edelleen. Kotisivujemme p\u00e4ivityksess\u00e4 pyrimme kuvin kertomaan, ett\u00e4 mets\u00e4maa todella kuhisee el\u00e4m\u00e4\u00e4. Suuremmat lajit n\u00e4emme omin silmin, pienimpien el\u00e4m\u00e4n n\u00e4emme tutkijoiden julkaisemista teoksista. Kumpikaan info ei ruusuista tulevaisuutta lupaa. Luontokadon suurin poistuma tapahtuu talousmetsiss\u00e4. Sen aiheuttaa yksiselitteisen selke\u00e4sti Suomen Mets\u00e4mafian asennevamma. Yksi lupaa maksaa \u201dPlussaa\u201d, kun teet\u00e4t paljon tekop\u00f6kkel\u00f6it\u00e4, muuten hyv\u00e4 mutta kun siihenkin liittyy \u00f6t\u00f6k\u00f6iden joukkoteurastus. M\u00e4t\u00e4stys. On kulunut 8-vuotta siit\u00e4, kun tarjosin uutta poraistusmenetelm\u00e4\u00e4 &#8221;Suomen Mets\u00e4mafialle&#8221;. Ei kelpuuttaneet edes koek\u00e4ytt\u00f6\u00f6n. Saman 8-vuoden aikana yksitt\u00e4iset mets\u00e4nomistajat ovat tehneet eritt\u00e4in arvokasta &#8221;tutkimusty\u00f6t\u00e4&#8221;, istuttaneet taimia ja seuranneet taimiston kehityst\u00e4. Loppuk\u00e4ytt\u00e4jien kokemuspohjainen tieto, kuuden vuoden ajalta, mit\u00e4 erilaisimmista kohteista ymp\u00e4ri Suomen, p\u00e4ihitt\u00e4v\u00e4t varmasti mets\u00e4mafian tutkimukset, jos niit\u00e4 edes koskaan on tehty. Olen hyvin kiitollinen mets\u00e4nomistajien palautteesta. Nyt voin aivan vakain tuumin ja harkiten sanoa: Mets\u00e4nomistaja, ota mets\u00e4n uudistaminen kokonaan omaan hallintaasi. \u00c4l\u00e4 m\u00e4t\u00e4st\u00e4, \u00e4l\u00e4 riko maata yht\u00e4\u00e4n enemp\u00e4\u00e4, kuin taimipaakun koko vaatii. Olet monta askelta edell\u00e4 &#8221;Mets\u00e4mafian&#8221; menetelmist\u00e4. Kun n\u00e4in menettelet, taimesi pysyv\u00e4t pystyss\u00e4 ja kehittyv\u00e4t. Niit\u00e4 ei rouste nosta, eik\u00e4 ukkoskuurot kumoa, eik\u00e4 pitk\u00e4aikaiset sateetkaan, eik\u00e4 poutajaksotkaan, koska kapillaari toimii. T\u00e4m\u00e4kin on t\u00e4rke\u00e4\u00e4, Humus, karikkeen lahoamisen lopputuote, ei karkaa vesist\u00f6j\u00e4 rehev\u00f6itt\u00e4m\u00e4\u00e4n, vaan tarjoaa vuosikaudet ravintoa taimiesi k\u00e4ytt\u00f6\u00f6n. Siirtyminen poraistustukseen on ylivertainen p\u00e4\u00e4t\u00f6s, kun l\u00e4hdet luontokatoa ja vesist\u00f6jen rehev\u00f6itymist\u00e4 torjumaan. Viel\u00e4 parempi p\u00e4\u00e4t\u00f6s on, ett\u00e4 siirryt jatkuvaan kasvatukseen, poralla istuttaen voit mets\u00e4st\u00e4si tehd\u00e4 niin monimuotoisen, kuin haluat. Kalasaaressa 14.3.2024 Seppo RantakallioMini Forest\" \/>\n<meta property=\"og:url\" content=\"https:\/\/www.miniforest.fi\/sivut\/suomen-metsamafia\/\" \/>\n<meta property=\"og:site_name\" content=\"Mini Forest\" \/>\n<meta property=\"article:modified_time\" content=\"2024-06-04T13:00:01+00:00\" \/>\n<meta property=\"og:image\" content=\"https:\/\/www.miniforest.fi\/sivut\/wp-content\/uploads\/2024\/04\/MHS-jory-ohry-logot-210823.jpg\" \/>\n<meta name=\"twitter:card\" content=\"summary_large_image\" \/>\n<meta name=\"twitter:label1\" content=\"Arvioitu lukuaika\" \/>\n\t<meta name=\"twitter:data1\" content=\"3 minuuttia\" \/>\n<script type=\"application\/ld+json\" class=\"yoast-schema-graph\">{\"@context\":\"https:\/\/schema.org\",\"@graph\":[{\"@type\":\"WebPage\",\"@id\":\"https:\/\/www.miniforest.fi\/sivut\/suomen-metsamafia\/\",\"url\":\"https:\/\/www.miniforest.fi\/sivut\/suomen-metsamafia\/\",\"name\":\"Suomen Mets\u00e4mafia! - Mini Forest\",\"isPartOf\":{\"@id\":\"https:\/\/www.miniforest.fi\/sivut\/#website\"},\"datePublished\":\"2024-04-12T20:30:57+00:00\",\"dateModified\":\"2024-06-04T13:00:01+00:00\",\"breadcrumb\":{\"@id\":\"https:\/\/www.miniforest.fi\/sivut\/suomen-metsamafia\/#breadcrumb\"},\"inLanguage\":\"fi\",\"potentialAction\":[{\"@type\":\"ReadAction\",\"target\":[\"https:\/\/www.miniforest.fi\/sivut\/suomen-metsamafia\/\"]}]},{\"@type\":\"BreadcrumbList\",\"@id\":\"https:\/\/www.miniforest.fi\/sivut\/suomen-metsamafia\/#breadcrumb\",\"itemListElement\":[{\"@type\":\"ListItem\",\"position\":1,\"name\":\"Home\",\"item\":\"https:\/\/www.miniforest.fi\/sivut\/\"},{\"@type\":\"ListItem\",\"position\":2,\"name\":\"Suomen Mets\u00e4mafia!\"}]},{\"@type\":\"WebSite\",\"@id\":\"https:\/\/www.miniforest.fi\/sivut\/#website\",\"url\":\"https:\/\/www.miniforest.fi\/sivut\/\",\"name\":\"Mini Forest\",\"description\":\"M\u00c4T\u00c4STYKSET HISTORIAAN\",\"potentialAction\":[{\"@type\":\"SearchAction\",\"target\":{\"@type\":\"EntryPoint\",\"urlTemplate\":\"https:\/\/www.miniforest.fi\/sivut\/?s={search_term_string}\"},\"query-input\":\"required name=search_term_string\"}],\"inLanguage\":\"fi\"}]}<\/script>\n<!-- \/ Yoast SEO plugin. -->","yoast_head_json":{"title":"Suomen Mets\u00e4mafia! - Mini Forest","robots":{"index":"index","follow":"follow","max-snippet":"max-snippet:-1","max-image-preview":"max-image-preview:large","max-video-preview":"max-video-preview:-1"},"canonical":"https:\/\/www.miniforest.fi\/sivut\/suomen-metsamafia\/","og_locale":"fi_FI","og_type":"article","og_title":"Suomen Mets\u00e4mafia! - Mini Forest","og_description":"Mets\u00e4nhoidon suositukset valmistellaan laajassa yhteisty\u00f6ss\u00e4 mets\u00e4-, ymp\u00e4rist\u00f6- ja ilmasto-alan toimijoiden kanssa. Ty\u00f6t\u00e4 luotsaavat korkean tason johtoryhm\u00e4 ja laaja-alainen ohjausryhm\u00e4. Johto- ja ohjausryhm\u00e4ty\u00f6ss\u00e4 on edustettuna noin 30 organisaatiota. Tapio koordinoi mets\u00e4nhoidon suositusten valmistelua ja yll\u00e4pitoa. T\u00e4m\u00e4 on se Suomen &#8221;mets\u00e4mafia&#8221;, joka v\u00e4h\u00e4t v\u00e4litt\u00e4\u00e4 mets\u00e4maaper\u00e4tutkijoiden tutkimustuloksista, eik\u00e4 maaper\u00e4n \u00f6t\u00f6k\u00f6iden joukkoteurastukseen n\u00e4yt\u00e4 muutosta tulevan t\u00e4n\u00e4k\u00e4\u00e4n vuonna. Kokonainen maailmankaikkeus piilee metsiemme maaper\u00e4ss\u00e4, sanoi er\u00e4s mets\u00e4maaper\u00e4tutkija jo kymmenen vuotta sitten. T\u00e4m\u00e4 on helppo uskoa, kun tutustuu l\u00e4hdemateriaaliin, jota on viimeisten vuosien aikana ilmestynyt roppakaupalla. Ehk\u00e4 merkitt\u00e4vin teos on ollut El\u00e4m\u00e4\u00e4 maan k\u00e4tk\u00f6iss\u00e4 niminen kirja. Kirja keskittyy pelk\u00e4st\u00e4\u00e4n maaper\u00e4eli\u00f6ihin ja niiden merkitykseen koko ekologian n\u00e4k\u00f6kulmasta katsottuna. Kaikkein oleellisin on kiteytetty kirjan viimeiseen lauseeseen: \u201dYksi asia kuitenkin tiedet\u00e4\u00e4n: mik\u00e4\u00e4n ei toimi ilman maaper\u00e4n ahkeraa hajottajakansaa, pit\u00e4k\u00e4\u00e4mme siit\u00e4 hyv\u00e4\u00e4 huolta.\u201d Mets\u00e4mafian k\u00e4yt\u00f6s ei totisesti ole hyv\u00e4\u00e4 huolenpitoa, kun kymmeni\u00e4 vuosia jatkunut maan tallaaminen ja m\u00f6yriminen jatkuu edelleen. Kotisivujemme p\u00e4ivityksess\u00e4 pyrimme kuvin kertomaan, ett\u00e4 mets\u00e4maa todella kuhisee el\u00e4m\u00e4\u00e4. Suuremmat lajit n\u00e4emme omin silmin, pienimpien el\u00e4m\u00e4n n\u00e4emme tutkijoiden julkaisemista teoksista. Kumpikaan info ei ruusuista tulevaisuutta lupaa. Luontokadon suurin poistuma tapahtuu talousmetsiss\u00e4. Sen aiheuttaa yksiselitteisen selke\u00e4sti Suomen Mets\u00e4mafian asennevamma. Yksi lupaa maksaa \u201dPlussaa\u201d, kun teet\u00e4t paljon tekop\u00f6kkel\u00f6it\u00e4, muuten hyv\u00e4 mutta kun siihenkin liittyy \u00f6t\u00f6k\u00f6iden joukkoteurastus. M\u00e4t\u00e4stys. On kulunut 8-vuotta siit\u00e4, kun tarjosin uutta poraistusmenetelm\u00e4\u00e4 &#8221;Suomen Mets\u00e4mafialle&#8221;. Ei kelpuuttaneet edes koek\u00e4ytt\u00f6\u00f6n. Saman 8-vuoden aikana yksitt\u00e4iset mets\u00e4nomistajat ovat tehneet eritt\u00e4in arvokasta &#8221;tutkimusty\u00f6t\u00e4&#8221;, istuttaneet taimia ja seuranneet taimiston kehityst\u00e4. Loppuk\u00e4ytt\u00e4jien kokemuspohjainen tieto, kuuden vuoden ajalta, mit\u00e4 erilaisimmista kohteista ymp\u00e4ri Suomen, p\u00e4ihitt\u00e4v\u00e4t varmasti mets\u00e4mafian tutkimukset, jos niit\u00e4 edes koskaan on tehty. Olen hyvin kiitollinen mets\u00e4nomistajien palautteesta. Nyt voin aivan vakain tuumin ja harkiten sanoa: Mets\u00e4nomistaja, ota mets\u00e4n uudistaminen kokonaan omaan hallintaasi. \u00c4l\u00e4 m\u00e4t\u00e4st\u00e4, \u00e4l\u00e4 riko maata yht\u00e4\u00e4n enemp\u00e4\u00e4, kuin taimipaakun koko vaatii. Olet monta askelta edell\u00e4 &#8221;Mets\u00e4mafian&#8221; menetelmist\u00e4. Kun n\u00e4in menettelet, taimesi pysyv\u00e4t pystyss\u00e4 ja kehittyv\u00e4t. Niit\u00e4 ei rouste nosta, eik\u00e4 ukkoskuurot kumoa, eik\u00e4 pitk\u00e4aikaiset sateetkaan, eik\u00e4 poutajaksotkaan, koska kapillaari toimii. T\u00e4m\u00e4kin on t\u00e4rke\u00e4\u00e4, Humus, karikkeen lahoamisen lopputuote, ei karkaa vesist\u00f6j\u00e4 rehev\u00f6itt\u00e4m\u00e4\u00e4n, vaan tarjoaa vuosikaudet ravintoa taimiesi k\u00e4ytt\u00f6\u00f6n. Siirtyminen poraistustukseen on ylivertainen p\u00e4\u00e4t\u00f6s, kun l\u00e4hdet luontokatoa ja vesist\u00f6jen rehev\u00f6itymist\u00e4 torjumaan. Viel\u00e4 parempi p\u00e4\u00e4t\u00f6s on, ett\u00e4 siirryt jatkuvaan kasvatukseen, poralla istuttaen voit mets\u00e4st\u00e4si tehd\u00e4 niin monimuotoisen, kuin haluat. Kalasaaressa 14.3.2024 Seppo RantakallioMini Forest","og_url":"https:\/\/www.miniforest.fi\/sivut\/suomen-metsamafia\/","og_site_name":"Mini Forest","article_modified_time":"2024-06-04T13:00:01+00:00","og_image":[{"url":"https:\/\/www.miniforest.fi\/sivut\/wp-content\/uploads\/2024\/04\/MHS-jory-ohry-logot-210823.jpg"}],"twitter_card":"summary_large_image","twitter_misc":{"Arvioitu lukuaika":"3 minuuttia"},"schema":{"@context":"https:\/\/schema.org","@graph":[{"@type":"WebPage","@id":"https:\/\/www.miniforest.fi\/sivut\/suomen-metsamafia\/","url":"https:\/\/www.miniforest.fi\/sivut\/suomen-metsamafia\/","name":"Suomen Mets\u00e4mafia! - Mini Forest","isPartOf":{"@id":"https:\/\/www.miniforest.fi\/sivut\/#website"},"datePublished":"2024-04-12T20:30:57+00:00","dateModified":"2024-06-04T13:00:01+00:00","breadcrumb":{"@id":"https:\/\/www.miniforest.fi\/sivut\/suomen-metsamafia\/#breadcrumb"},"inLanguage":"fi","potentialAction":[{"@type":"ReadAction","target":["https:\/\/www.miniforest.fi\/sivut\/suomen-metsamafia\/"]}]},{"@type":"BreadcrumbList","@id":"https:\/\/www.miniforest.fi\/sivut\/suomen-metsamafia\/#breadcrumb","itemListElement":[{"@type":"ListItem","position":1,"name":"Home","item":"https:\/\/www.miniforest.fi\/sivut\/"},{"@type":"ListItem","position":2,"name":"Suomen Mets\u00e4mafia!"}]},{"@type":"WebSite","@id":"https:\/\/www.miniforest.fi\/sivut\/#website","url":"https:\/\/www.miniforest.fi\/sivut\/","name":"Mini Forest","description":"M\u00c4T\u00c4STYKSET HISTORIAAN","potentialAction":[{"@type":"SearchAction","target":{"@type":"EntryPoint","urlTemplate":"https:\/\/www.miniforest.fi\/sivut\/?s={search_term_string}"},"query-input":"required name=search_term_string"}],"inLanguage":"fi"}]}},"jetpack-related-posts":[{"id":180,"url":"https:\/\/www.miniforest.fi\/sivut\/metsamaan-otokoita\/","url_meta":{"origin":142,"position":0},"title":"Mets\u00e4maan \u00f6t\u00f6k\u00f6it\u00e4","date":"4.6.2024","format":false,"excerpt":"Piirroksen \u00f6t\u00f6k\u00f6ist\u00e4 osa on luonnollisessa koossa, pienimm\u00e4t monikymmenkertaisina suurennoksina. Jokaisella on oma t\u00e4rke\u00e4 teht\u00e4v\u00e4ns\u00e4. Ei voida m\u00e4\u00e4ritell\u00e4 hyviksi\u00e4 ja pahiksia. Populaatioiden koot vaihtelevat. Yhdell\u00e4 neli\u00f6metrill\u00e4 suurempia voi olla vain muutama yksil\u00f6, pienempi\u00e4 satojatuhansia. Kaikkein pienimm\u00e4t 0,1 \u2013 0, jotakin millimetri\u00e4 hahmotamme parhaiten, kun katsomme iltapime\u00e4\u00e4 t\u00e4htitaivasta. Piirroksen kaikkia ot\u00f6k\u00f6it\u00e4 toistaiseksi\u2026","rel":"","context":"Samankaltainen artikkeli","img":{"alt_text":"","src":"https:\/\/i0.wp.com\/www.miniforest.fi\/sivut\/wp-content\/uploads\/2024\/06\/otokkakuva.jpg?resize=350%2C200&ssl=1","width":350,"height":200},"classes":[]},{"id":157,"url":"https:\/\/www.miniforest.fi\/sivut\/","url_meta":{"origin":142,"position":1},"title":"Mini Forest","date":"14.4.2024","format":false,"excerpt":"Mini Forest on nuori 2017 perustettu yritys, mutta perustajat ovat jo seniori-ik\u00e4\u00e4n ehtineit\u00e4. Yrityksen perustaminen tuli tarpeelliseksi, kun onnistuimme kehitt\u00e4\u00e4n uuden menetelm\u00e4n mets\u00e4puutaimien istuttamiseen. Akkuteknologian ja akkuporakoneiden kehittyminen tekiv\u00e4t kehitysty\u00f6n mahdolliseksi. Muutos oli todella suuri, sill\u00e4 15 tonnin kaivinkoneen maanmuokkausty\u00f6 tuli tarpeettomaksi. Se korvautui akkuporakoneeseen kiinnitetyn maaporan k\u00e4yt\u00f6ll\u00e4. Muutos oli\u2026","rel":"","context":"Samankaltainen artikkeli","img":{"alt_text":"","src":"https:\/\/i0.wp.com\/www.miniforest.fi\/sivut\/wp-content\/uploads\/2019\/03\/N\u00e4ytt\u00f6kuva-2019-3-21-kello-21.07.46.png?resize=350%2C200&ssl=1","width":350,"height":200},"classes":[]}],"jetpack_sharing_enabled":true,"jetpack_shortlink":"https:\/\/wp.me\/PaQ3V6-2i","acf":[],"_links":{"self":[{"href":"https:\/\/www.miniforest.fi\/sivut\/wp-json\/wp\/v2\/pages\/142","targetHints":{"allow":["GET"]}}],"collection":[{"href":"https:\/\/www.miniforest.fi\/sivut\/wp-json\/wp\/v2\/pages"}],"about":[{"href":"https:\/\/www.miniforest.fi\/sivut\/wp-json\/wp\/v2\/types\/page"}],"author":[{"embeddable":true,"href":"https:\/\/www.miniforest.fi\/sivut\/wp-json\/wp\/v2\/users\/1"}],"replies":[{"embeddable":true,"href":"https:\/\/www.miniforest.fi\/sivut\/wp-json\/wp\/v2\/comments?post=142"}],"version-history":[{"count":5,"href":"https:\/\/www.miniforest.fi\/sivut\/wp-json\/wp\/v2\/pages\/142\/revisions"}],"predecessor-version":[{"id":179,"href":"https:\/\/www.miniforest.fi\/sivut\/wp-json\/wp\/v2\/pages\/142\/revisions\/179"}],"wp:attachment":[{"href":"https:\/\/www.miniforest.fi\/sivut\/wp-json\/wp\/v2\/media?parent=142"}],"curies":[{"name":"wp","href":"https:\/\/api.w.org\/{rel}","templated":true}]}}