{"id":45,"date":"2019-03-22T06:15:13","date_gmt":"2019-03-22T06:15:13","guid":{"rendered":"https:\/\/www.miniforest.fi\/sivut\/?page_id=45"},"modified":"2024-04-12T20:11:58","modified_gmt":"2024-04-12T20:11:58","slug":"yhteystiedot","status":"publish","type":"page","link":"https:\/\/www.miniforest.fi\/sivut\/yhteystiedot\/","title":{"rendered":"Yhteystiedot"},"content":{"rendered":"\n<figure class=\"wp-block-image\"><img loading=\"lazy\" decoding=\"async\" width=\"450\" height=\"200\" data-attachment-id=\"9\" data-permalink=\"https:\/\/www.miniforest.fi\/sivut\/logo_miniforest-2\/\" data-orig-file=\"https:\/\/www.miniforest.fi\/sivut\/wp-content\/uploads\/2019\/03\/logo_miniforest-1.png\" data-orig-size=\"450,200\" data-comments-opened=\"1\" data-image-meta=\"{&quot;aperture&quot;:&quot;0&quot;,&quot;credit&quot;:&quot;&quot;,&quot;camera&quot;:&quot;&quot;,&quot;caption&quot;:&quot;&quot;,&quot;created_timestamp&quot;:&quot;0&quot;,&quot;copyright&quot;:&quot;&quot;,&quot;focal_length&quot;:&quot;0&quot;,&quot;iso&quot;:&quot;0&quot;,&quot;shutter_speed&quot;:&quot;0&quot;,&quot;title&quot;:&quot;&quot;,&quot;orientation&quot;:&quot;0&quot;}\" data-image-title=\"logo_miniforest\" data-image-description=\"\" data-image-caption=\"\" data-medium-file=\"https:\/\/www.miniforest.fi\/sivut\/wp-content\/uploads\/2019\/03\/logo_miniforest-1-300x133.png\" data-large-file=\"https:\/\/www.miniforest.fi\/sivut\/wp-content\/uploads\/2019\/03\/logo_miniforest-1.png\" src=\"https:\/\/www.miniforest.fi\/sivut\/wp-content\/uploads\/2019\/03\/logo_miniforest-1.png\" alt=\"\" class=\"wp-image-9\" srcset=\"https:\/\/www.miniforest.fi\/sivut\/wp-content\/uploads\/2019\/03\/logo_miniforest-1.png 450w, https:\/\/www.miniforest.fi\/sivut\/wp-content\/uploads\/2019\/03\/logo_miniforest-1-300x133.png 300w\" sizes=\"auto, (max-width: 450px) 100vw, 450px\" \/><\/figure>\n\n\n\n<p>Kalasaarentie 218\u00a0\u00a0<br>35420 TALVIAINEN<\/p>\n\n\n\n<p><strong>Seppo Rantakallio<br><\/strong>p. 040 501 6820<br>S\u00e4hk\u00f6posti: rantakallio.seppo(at)gmail.com<\/p>\n\n\n\n<p><strong>Maija-Riitta Rantakallio<\/strong><br>p. 050 331 5883<\/p>\n\n\n\n<p>Toivomme tilaukset mieluiten s\u00e4hk\u00f6postilla tai tekstiviestill\u00e4, mutta my\u00f6s puhelimella, ei aivan auringon nousun ja laskun v\u00e4lill\u00e4, mutta melkein.<\/p>\n\n\n\n<pre class=\"wp-block-preformatted\"><iframe loading=\"lazy\" src=\"https:\/\/www.google.com\/maps\/embed?pb=!1m18!1m12!1m3!1d1887.7937841387813!2d24.67534801580323!3d61.76085177828451!2m3!1f0!2f0!3f0!3m2!1i1024!2i768!4f13.1!3m3!1m2!1s0x468f72969cbee4f7%3A0x2d325fc420847184!2sKalasaarentie+218%2C+35420+Orivesi!5e0!3m2!1sfi!2sfi!4v1553236295475\" width=\"600\" height=\"450\" frameborder=\"0\" style=\"border:0\" allowfullscreen=\"\"><\/iframe><\/pre>\n","protected":false},"excerpt":{"rendered":"<p>Kalasaarentie 218\u00a0\u00a035420 TALVIAINEN Seppo Rantakalliop. 040 501 6820S\u00e4hk\u00f6posti: rantakallio.seppo(at)gmail.com Maija-Riitta Rantakalliop. 050 331 5883 Toivomme tilaukset mieluiten s\u00e4hk\u00f6postilla tai tekstiviestill\u00e4, mutta my\u00f6s puhelimella, ei aivan auringon nousun ja laskun v\u00e4lill\u00e4, mutta melkein.<\/p>\n","protected":false},"author":1,"featured_media":0,"parent":0,"menu_order":0,"comment_status":"closed","ping_status":"closed","template":"","meta":{"jetpack_post_was_ever_published":false,"footnotes":""},"class_list":["post-45","page","type-page","status-publish","hentry"],"yoast_head":"<!-- This site is optimized with the Yoast SEO plugin v20.2.1 - https:\/\/yoast.com\/wordpress\/plugins\/seo\/ -->\n<title>Yhteystiedot - Mini Forest<\/title>\n<meta name=\"robots\" content=\"index, follow, max-snippet:-1, max-image-preview:large, max-video-preview:-1\" \/>\n<link rel=\"canonical\" href=\"https:\/\/www.miniforest.fi\/sivut\/yhteystiedot\/\" \/>\n<meta property=\"og:locale\" content=\"fi_FI\" \/>\n<meta property=\"og:type\" content=\"article\" \/>\n<meta property=\"og:title\" content=\"Yhteystiedot - Mini Forest\" \/>\n<meta property=\"og:description\" content=\"Kalasaarentie 218\u00a0\u00a035420 TALVIAINEN Seppo Rantakalliop. 040 501 6820S\u00e4hk\u00f6posti: rantakallio.seppo(at)gmail.com Maija-Riitta Rantakalliop. 050 331 5883 Toivomme tilaukset mieluiten s\u00e4hk\u00f6postilla tai tekstiviestill\u00e4, mutta my\u00f6s puhelimella, ei aivan auringon nousun ja laskun v\u00e4lill\u00e4, mutta melkein.\" \/>\n<meta property=\"og:url\" content=\"https:\/\/www.miniforest.fi\/sivut\/yhteystiedot\/\" \/>\n<meta property=\"og:site_name\" content=\"Mini Forest\" \/>\n<meta property=\"article:modified_time\" content=\"2024-04-12T20:11:58+00:00\" \/>\n<meta property=\"og:image\" content=\"https:\/\/www.miniforest.fi\/sivut\/wp-content\/uploads\/2019\/03\/logo_miniforest-1.png\" \/>\n<meta name=\"twitter:card\" content=\"summary_large_image\" \/>\n<meta name=\"twitter:label1\" content=\"Arvioitu lukuaika\" \/>\n\t<meta name=\"twitter:data1\" content=\"1 minuutti\" \/>\n<script type=\"application\/ld+json\" class=\"yoast-schema-graph\">{\"@context\":\"https:\/\/schema.org\",\"@graph\":[{\"@type\":\"WebPage\",\"@id\":\"https:\/\/www.miniforest.fi\/sivut\/yhteystiedot\/\",\"url\":\"https:\/\/www.miniforest.fi\/sivut\/yhteystiedot\/\",\"name\":\"Yhteystiedot - Mini Forest\",\"isPartOf\":{\"@id\":\"https:\/\/www.miniforest.fi\/sivut\/#website\"},\"datePublished\":\"2019-03-22T06:15:13+00:00\",\"dateModified\":\"2024-04-12T20:11:58+00:00\",\"breadcrumb\":{\"@id\":\"https:\/\/www.miniforest.fi\/sivut\/yhteystiedot\/#breadcrumb\"},\"inLanguage\":\"fi\",\"potentialAction\":[{\"@type\":\"ReadAction\",\"target\":[\"https:\/\/www.miniforest.fi\/sivut\/yhteystiedot\/\"]}]},{\"@type\":\"BreadcrumbList\",\"@id\":\"https:\/\/www.miniforest.fi\/sivut\/yhteystiedot\/#breadcrumb\",\"itemListElement\":[{\"@type\":\"ListItem\",\"position\":1,\"name\":\"Home\",\"item\":\"https:\/\/www.miniforest.fi\/sivut\/\"},{\"@type\":\"ListItem\",\"position\":2,\"name\":\"Yhteystiedot\"}]},{\"@type\":\"WebSite\",\"@id\":\"https:\/\/www.miniforest.fi\/sivut\/#website\",\"url\":\"https:\/\/www.miniforest.fi\/sivut\/\",\"name\":\"Mini Forest\",\"description\":\"M\u00c4T\u00c4STYKSET HISTORIAAN\",\"potentialAction\":[{\"@type\":\"SearchAction\",\"target\":{\"@type\":\"EntryPoint\",\"urlTemplate\":\"https:\/\/www.miniforest.fi\/sivut\/?s={search_term_string}\"},\"query-input\":\"required name=search_term_string\"}],\"inLanguage\":\"fi\"}]}<\/script>\n<!-- \/ Yoast SEO plugin. -->","yoast_head_json":{"title":"Yhteystiedot - Mini Forest","robots":{"index":"index","follow":"follow","max-snippet":"max-snippet:-1","max-image-preview":"max-image-preview:large","max-video-preview":"max-video-preview:-1"},"canonical":"https:\/\/www.miniforest.fi\/sivut\/yhteystiedot\/","og_locale":"fi_FI","og_type":"article","og_title":"Yhteystiedot - Mini Forest","og_description":"Kalasaarentie 218\u00a0\u00a035420 TALVIAINEN Seppo Rantakalliop. 040 501 6820S\u00e4hk\u00f6posti: rantakallio.seppo(at)gmail.com Maija-Riitta Rantakalliop. 050 331 5883 Toivomme tilaukset mieluiten s\u00e4hk\u00f6postilla tai tekstiviestill\u00e4, mutta my\u00f6s puhelimella, ei aivan auringon nousun ja laskun v\u00e4lill\u00e4, mutta melkein.","og_url":"https:\/\/www.miniforest.fi\/sivut\/yhteystiedot\/","og_site_name":"Mini Forest","article_modified_time":"2024-04-12T20:11:58+00:00","og_image":[{"url":"https:\/\/www.miniforest.fi\/sivut\/wp-content\/uploads\/2019\/03\/logo_miniforest-1.png"}],"twitter_card":"summary_large_image","twitter_misc":{"Arvioitu lukuaika":"1 minuutti"},"schema":{"@context":"https:\/\/schema.org","@graph":[{"@type":"WebPage","@id":"https:\/\/www.miniforest.fi\/sivut\/yhteystiedot\/","url":"https:\/\/www.miniforest.fi\/sivut\/yhteystiedot\/","name":"Yhteystiedot - Mini Forest","isPartOf":{"@id":"https:\/\/www.miniforest.fi\/sivut\/#website"},"datePublished":"2019-03-22T06:15:13+00:00","dateModified":"2024-04-12T20:11:58+00:00","breadcrumb":{"@id":"https:\/\/www.miniforest.fi\/sivut\/yhteystiedot\/#breadcrumb"},"inLanguage":"fi","potentialAction":[{"@type":"ReadAction","target":["https:\/\/www.miniforest.fi\/sivut\/yhteystiedot\/"]}]},{"@type":"BreadcrumbList","@id":"https:\/\/www.miniforest.fi\/sivut\/yhteystiedot\/#breadcrumb","itemListElement":[{"@type":"ListItem","position":1,"name":"Home","item":"https:\/\/www.miniforest.fi\/sivut\/"},{"@type":"ListItem","position":2,"name":"Yhteystiedot"}]},{"@type":"WebSite","@id":"https:\/\/www.miniforest.fi\/sivut\/#website","url":"https:\/\/www.miniforest.fi\/sivut\/","name":"Mini Forest","description":"M\u00c4T\u00c4STYKSET HISTORIAAN","potentialAction":[{"@type":"SearchAction","target":{"@type":"EntryPoint","urlTemplate":"https:\/\/www.miniforest.fi\/sivut\/?s={search_term_string}"},"query-input":"required name=search_term_string"}],"inLanguage":"fi"}]}},"jetpack-related-posts":[],"jetpack_sharing_enabled":true,"jetpack_shortlink":"https:\/\/wp.me\/PaQ3V6-J","acf":[],"_links":{"self":[{"href":"https:\/\/www.miniforest.fi\/sivut\/wp-json\/wp\/v2\/pages\/45","targetHints":{"allow":["GET"]}}],"collection":[{"href":"https:\/\/www.miniforest.fi\/sivut\/wp-json\/wp\/v2\/pages"}],"about":[{"href":"https:\/\/www.miniforest.fi\/sivut\/wp-json\/wp\/v2\/types\/page"}],"author":[{"embeddable":true,"href":"https:\/\/www.miniforest.fi\/sivut\/wp-json\/wp\/v2\/users\/1"}],"replies":[{"embeddable":true,"href":"https:\/\/www.miniforest.fi\/sivut\/wp-json\/wp\/v2\/comments?post=45"}],"version-history":[{"count":11,"href":"https:\/\/www.miniforest.fi\/sivut\/wp-json\/wp\/v2\/pages\/45\/revisions"}],"predecessor-version":[{"id":141,"href":"https:\/\/www.miniforest.fi\/sivut\/wp-json\/wp\/v2\/pages\/45\/revisions\/141"}],"wp:attachment":[{"href":"https:\/\/www.miniforest.fi\/sivut\/wp-json\/wp\/v2\/media?parent=45"}],"curies":[{"name":"wp","href":"https:\/\/api.w.org\/{rel}","templated":true}]}}